{"id":124,"date":"2020-02-11T15:52:36","date_gmt":"2020-02-11T15:52:36","guid":{"rendered":"http:\/\/impacta.guimaraes.pt\/?page_id=124"},"modified":"2021-06-29T15:12:09","modified_gmt":"2021-06-29T15:12:09","slug":"manual-de-apoio","status":"publish","type":"page","link":"https:\/\/impacta.guimaraes.pt\/?page_id=124","title":{"rendered":"Manual de apoio"},"content":{"rendered":"<p>Como suporte \u00e0 utiliza\u00e7\u00e3o do portal, poder\u00e1 consulta o manual de apoio ao utilizador o qual exemplifica e informa o procedimento para que esteja apto a concorrer aos apoios regulamentados.<\/p>\n<p><a href=\"http:\/\/impacta.guimaraes.pt\/wp-content\/uploads\/2020\/02\/Manual-apoio-\u00e0s-entidades.pdf\">Manual de apoio ao utilizador<\/a><\/p>\n","protected":false},"excerpt":{"rendered":"<p>Como suporte \u00e0 utiliza\u00e7\u00e3o do portal, poder\u00e1 consulta o manual de apoio ao utilizador o qual [&hellip;]<\/p>\n","protected":false},"author":1,"featured_media":0,"parent":0,"menu_order":0,"comment_status":"closed","ping_status":"closed","template":"","meta":{"footnotes":""},"class_list":["post-124","page","type-page","status-publish","hentry"],"_links":{"self":[{"href":"https:\/\/impacta.guimaraes.pt\/index.php?rest_route=\/wp\/v2\/pages\/124","targetHints":{"allow":["GET"]}}],"collection":[{"href":"https:\/\/impacta.guimaraes.pt\/index.php?rest_route=\/wp\/v2\/pages"}],"about":[{"href":"https:\/\/impacta.guimaraes.pt\/index.php?rest_route=\/wp\/v2\/types\/page"}],"author":[{"embeddable":true,"href":"https:\/\/impacta.guimaraes.pt\/index.php?rest_route=\/wp\/v2\/users\/1"}],"replies":[{"embeddable":true,"href":"https:\/\/impacta.guimaraes.pt\/index.php?rest_route=%2Fwp%2Fv2%2Fcomments&post=124"}],"version-history":[{"count":5,"href":"https:\/\/impacta.guimaraes.pt\/index.php?rest_route=\/wp\/v2\/pages\/124\/revisions"}],"predecessor-version":[{"id":184,"href":"https:\/\/impacta.guimaraes.pt\/index.php?rest_route=\/wp\/v2\/pages\/124\/revisions\/184"}],"wp:attachment":[{"href":"https:\/\/impacta.guimaraes.pt\/index.php?rest_route=%2Fwp%2Fv2%2Fmedia&parent=124"}],"curies":[{"name":"wp","href":"https:\/\/api.w.org\/{rel}","templated":true}]}}