{"id":2,"date":"2016-05-10T03:48:21","date_gmt":"2016-05-10T03:48:21","guid":{"rendered":"http:\/\/impacta.guimaraes.pt\/?page_id=2"},"modified":"2022-08-31T13:31:12","modified_gmt":"2022-08-31T13:31:12","slug":"sample-page","status":"publish","type":"page","link":"https:\/\/impacta.guimaraes.pt\/","title":{"rendered":"In\u00edcio"},"content":{"rendered":"<h3><img loading=\"lazy\" decoding=\"async\" class=\"alignnone size-full wp-image-150\" src=\"http:\/\/impacta.guimaraes.pt\/wp-content\/uploads\/2020\/02\/final.png\" alt=\"\" width=\"691\" height=\"200\" \/><\/h3>\n<h3><strong>Investimento Municipal em Projectos e Actividades Culturais, Territoriais e Art\u00edsticas<\/strong><\/h3>\n<p>O tecido associativo do territ\u00f3rio vimaranense assume uma import\u00e2ncia superlativa na din\u00e2mica cultural existente, resultante de uma tradi\u00e7\u00e3o com v\u00e1rias d\u00e9cadas de dinamiza\u00e7\u00e3o do setor e uma crescente adapta\u00e7\u00e3o \u00e0s exig\u00eancias dos tempos correntes no que \u00e0 cria\u00e7\u00e3o, apresenta\u00e7\u00e3o e programa\u00e7\u00e3o diz respeito.<\/p>\n<p>Paralelamente, resultante deste importante fator e de uma aposta forte e determinada do Munic\u00edpio, com especial enfoque nas duas \u00faltimas d\u00e9cadas e com um marco crucial na Capital Europeia da Cultura em 2012, o concelho de Guimar\u00e3es viu multiplicarem -se as estruturas, profissionais e artistas locais, criadores nas mais diversas \u00e1reas art\u00edsticas.<\/p>\n<p>O Munic\u00edpio tem, hoje, mais do que nunca, a especial obriga\u00e7\u00e3o de olhar de forma abrangente, estruturada e integrada para estas realidades, ajudando a criar as condi\u00e7\u00f5es ideais para que deste pensamento coletivo surja uma programa\u00e7\u00e3o do territ\u00f3rio concertada, espa\u00e7os de apresenta\u00e7\u00e3o regulares ou pontuais, e criadores que apresentam os seus trabalhos no territ\u00f3rio nacional e internacional.<br \/>\nEste regulamento surge, assim, da necessidade de valoriza\u00e7\u00e3o da import\u00e2ncia do associativismo no contexto cultural, com um pensamento transversal sobre as atividades culturais no territ\u00f3rio, abrangendo o concelho, abrindo ainda uma janela de apoio para dotar as associa\u00e7\u00f5es e institui\u00e7\u00f5es no apoio ao investimento e \u00e0 cria\u00e7\u00e3o no sentido de garantir que a cultura em Guimar\u00e3es seja cada vez mais diversificada e qualificada.<\/p>\n<p>Por outro lado, e como forma de tornar homog\u00e9neos e de mais f\u00e1cil perce\u00e7\u00e3o os diversos apoios atualmente existentes, optou -se por fundir todos esses apoios num \u00fanico regulamento.<\/p>\n<p>A avalia\u00e7\u00e3o da experi\u00eancia adquirida com a sua aplica\u00e7\u00e3o ditou a necessidade de introduzir diversas altera\u00e7\u00f5es, com as quais se procurou clarificar as formas e canais de submiss\u00e3o de candidaturas, exigir toda a documenta\u00e7\u00e3o necess\u00e1ria aquando da submiss\u00e3o de candidaturas, evitando assim o pedido de documenta\u00e7\u00e3o ap\u00f3s a delibera\u00e7\u00e3o, fazer aprovar pelos \u00f3rg\u00e3os do Munic\u00edpio alguns modelos de documenta\u00e7\u00e3o exigida aos candidatos, agilizar pagamentos, considerando as dificuldades sentidas por parte de muitos benefici\u00e1rios em realizarem despesa comprov\u00e1vel antes de receberem o subs\u00eddio e corrigir lapsos detetados, designadamente no que tange a certas remiss\u00f5es.<\/p>\n<p>O n\u00famero de altera\u00e7\u00f5es introduzidas e as altera\u00e7\u00f5es estruturais que estas ditaram tornaram necess\u00e1ria a revoga\u00e7\u00e3o do anterior Regulamento e aprova\u00e7\u00e3o da sua revis\u00e3o que se encontra dispon\u00edvel para consulta no separador Regulamento.<\/p>\n","protected":false},"excerpt":{"rendered":"<p>Investimento Municipal em Projectos e Actividades Culturais, Territoriais e Art\u00edsticas O tecido associativo do territ\u00f3rio vimaranense [&hellip;]<\/p>\n","protected":false},"author":1,"featured_media":0,"parent":0,"menu_order":0,"comment_status":"closed","ping_status":"closed","template":"","meta":{"footnotes":""},"class_list":["post-2","page","type-page","status-publish","hentry"],"_links":{"self":[{"href":"https:\/\/impacta.guimaraes.pt\/index.php?rest_route=\/wp\/v2\/pages\/2","targetHints":{"allow":["GET"]}}],"collection":[{"href":"https:\/\/impacta.guimaraes.pt\/index.php?rest_route=\/wp\/v2\/pages"}],"about":[{"href":"https:\/\/impacta.guimaraes.pt\/index.php?rest_route=\/wp\/v2\/types\/page"}],"author":[{"embeddable":true,"href":"https:\/\/impacta.guimaraes.pt\/index.php?rest_route=\/wp\/v2\/users\/1"}],"replies":[{"embeddable":true,"href":"https:\/\/impacta.guimaraes.pt\/index.php?rest_route=%2Fwp%2Fv2%2Fcomments&post=2"}],"version-history":[{"count":25,"href":"https:\/\/impacta.guimaraes.pt\/index.php?rest_route=\/wp\/v2\/pages\/2\/revisions"}],"predecessor-version":[{"id":242,"href":"https:\/\/impacta.guimaraes.pt\/index.php?rest_route=\/wp\/v2\/pages\/2\/revisions\/242"}],"wp:attachment":[{"href":"https:\/\/impacta.guimaraes.pt\/index.php?rest_route=%2Fwp%2Fv2%2Fmedia&parent=2"}],"curies":[{"name":"wp","href":"https:\/\/api.w.org\/{rel}","templated":true}]}}