{"id":82,"date":"2020-01-24T15:40:52","date_gmt":"2020-01-24T15:40:52","guid":{"rendered":"http:\/\/impacta.guimaraes.pt\/?page_id=82"},"modified":"2021-07-02T16:36:36","modified_gmt":"2021-07-02T16:36:36","slug":"documentos-uteis","status":"publish","type":"page","link":"https:\/\/impacta.guimaraes.pt\/?page_id=82","title":{"rendered":"Documentos \u00fateis"},"content":{"rendered":"<h5>A leitura destes documentos n\u00e3o dispensa a leitura integral do Regulamento do IMPACTA \u2013 Investimento Municipal em Projetos e Atividades Culturais, Territoriais e Art\u00edsticas;<\/h5>\n<p><a href=\"http:\/\/impacta.guimaraes.pt\/wp-content\/uploads\/2021\/06\/Calendariza\u00e7\u00e3o.pdf\">CALENDARIZA\u00c7\u00c3O DAS FASES DE CANDIDATURA<\/a><\/p>\n<p><a href=\"http:\/\/impacta.guimaraes.pt\/wp-content\/uploads\/2021\/06\/ANEXO-I-APOIOS-A-PLANOS-DE-ATIVIDADES.pdf\">ANEXO I &#8211; APOIOS A PLANOS DE ATIVIDADES<\/a>\u00a0| <a href=\"http:\/\/impacta.guimaraes.pt\/wp-content\/uploads\/2021\/06\/ANEXO-I-APOIOS-A-PLANOS-DE-ATIVIDADES.doc\">Download<\/a><\/p>\n<p><a href=\"http:\/\/impacta.guimaraes.pt\/wp-content\/uploads\/2021\/06\/ANEXO-II-APOIOS-A-ATIVIDADES-PONTUAIS.pdf\">ANEXO II &#8211; APOIOS A ATIVIDADES PONTUAIS<\/a>\u00a0| <a href=\"http:\/\/impacta.guimaraes.pt\/wp-content\/uploads\/2021\/06\/ANEXO-II-APOIOS-A-ATIVIDADES-PONTUAIS.doc\">Download<\/a><\/p>\n<p><a href=\"http:\/\/impacta.guimaraes.pt\/wp-content\/uploads\/2021\/06\/ANEXO-III-APOIOS-A-INVESTIMENTOS.pdf\">ANEXO III &#8211; APOIOS A INVESTIMENTOS<\/a>\u00a0| <a href=\"http:\/\/impacta.guimaraes.pt\/wp-content\/uploads\/2021\/06\/ANEXO-III-APOIOS-A-INVESTIMENTOS.doc\">Download<\/a><\/p>\n<p><a href=\"http:\/\/impacta.guimaraes.pt\/wp-content\/uploads\/2021\/06\/ANEXO-IV-PROJETOS-DE-CRIA\u00c7\u00c3O-ART\u00cdSTICA-ARTES-VISUAIS-E-CURADORIA-ARTES-PERFORMATIVAS-E-PERFORMANCE-E-COMPOSI\u00c7\u00c3O-MUSICAIS.pdf\">ANEXO IV &#8211; PROJETOS DE CRIA\u00c7\u00c3O ART\u00cdSTICA &#8211; ARTES VISUAIS E CURADORIA, ARTES PERFORMATIVAS E PERFORMANCE E COMPOSI\u00c7\u00c3O MUSICAIS<\/a>\u00a0| <a href=\"http:\/\/impacta.guimaraes.pt\/wp-content\/uploads\/2021\/06\/ANEXO-IV-PROJETOS-DE-CRIA\u00c7\u00c3O-ART\u00cdSTICA-ARTES-VISUAIS-E-CURADORIA-ARTES-PERFORMATIVAS-E-PERFORMANCE-E-COMPOSI\u00c7\u00c3O-MUSICAIS.doc\">Download<\/a><\/p>\n<p><a href=\"http:\/\/impacta.guimaraes.pt\/wp-content\/uploads\/2021\/06\/ANEXO-V-PROJETOS-DE-CRIA\u00c7\u00c3O-ART\u00cdSTICA-EDI\u00c7\u00d5ES-LITER\u00c1RIAS-MUSICAIS-OU-VIDEOGR\u00c1FICAS.pdf\">ANEXO V &#8211; PROJETOS DE CRIA\u00c7\u00c3O ART\u00cdSTICA &#8211; EDI\u00c7\u00d5ES LITER\u00c1RIAS, MUSICAIS OU VIDEOGR\u00c1FICAS<\/a>\u00a0| <a href=\"http:\/\/impacta.guimaraes.pt\/wp-content\/uploads\/2021\/06\/ANEXO-V-PROJETOS-DE-CRIA\u00c7\u00c3O-ART\u00cdSTICA-EDI\u00c7\u00d5ES-LITER\u00c1RIAS-MUSICAIS-OU-VIDEOGR\u00c1FICAS.doc\">Download<\/a><\/p>\n<p><a href=\"http:\/\/impacta.guimaraes.pt\/wp-content\/uploads\/2021\/06\/ANEXO-VI-CIRCULAC\u0327A\u0303O-NACIONAL-OU-INTERNACIONALIZAC\u0327A\u0303O-DE-PROJETOS-CULTURAIS.pdf\">ANEXO VI- CIRCULAC\u0327A\u0303O NACIONAL OU INTERNACIONALIZAC\u0327A\u0303O DE PROJETOS CULTURAIS<\/a>\u00a0| <a href=\"http:\/\/impacta.guimaraes.pt\/wp-content\/uploads\/2021\/06\/ANEXO-VI-CIRCULAC\u0327A\u0303O-NACIONAL-OU-INTERNACIONALIZAC\u0327A\u0303O-DE-PROJETOS-CULTURAIS.doc\">Download<\/a><\/p>\n<p><a href=\"http:\/\/impacta.guimaraes.pt\/wp-content\/uploads\/2021\/06\/ANEXO-VII-CIRCULA\u00c7\u00c3O-DE-PROJETOS-CULTURAIS-NA-\u00c1REA-DO-MUNIC\u00cdPIO.pdf\">ANEXO VII &#8211; CIRCULAC\u0327A\u0303O DE PROJETOS CULTURAIS NA A\u0301REA DO MUNICI\u0301PIO<\/a>\u00a0| <a href=\"http:\/\/impacta.guimaraes.pt\/wp-content\/uploads\/2021\/06\/ANEXO-VII-CIRCULA\u00c7\u00c3O-DE-PROJETOS-CULTURAIS-NA-\u00c1REA-DO-MUNIC\u00cdPIO.doc\">Download<\/a><\/p>\n<p><a href=\"http:\/\/impacta.guimaraes.pt\/wp-content\/uploads\/2021\/06\/ANEXO-VIII-PROJETOS-DE-INVESTIGA\u00c7\u00c3O.pdf\">ANEXO VIII &#8211; PROJETOS DE INVESTIGA\u00c7\u00c3O<\/a>| <a href=\"http:\/\/impacta.guimaraes.pt\/wp-content\/uploads\/2021\/06\/ANEXO-VIII-PROJETOS-DE-INVESTIGA\u00c7\u00c3O.doc\">Download<\/a><\/p>\n<p><a href=\"http:\/\/impacta.guimaraes.pt\/wp-content\/uploads\/2021\/06\/ANEXO-IX-APOIOS-N\u00c3O-FINANCEIROS.pdf\">ANEXO IX &#8211; APOIOS N\u00c3O FINANCEIROS <\/a>\u00a0| <a href=\"http:\/\/impacta.guimaraes.pt\/wp-content\/uploads\/2021\/06\/ANEXO-IX-APOIOS-N\u00c3O-FINANCEIROS.doc\">Download<\/a><\/p>\n<p><a href=\"http:\/\/impacta.guimaraes.pt\/wp-content\/uploads\/2021\/06\/ANEXO-X-DECLARA\u00c7\u00c3O-DE-ACEITA\u00c7\u00c3O-DE-SUBS\u00cdDIO.pdf\">ANEXO X &#8211; DECLARA\u00c7\u00c3O DE ACEITA\u00c7\u00c3O DE SUBS\u00cdDIO <\/a>\u00a0| <a href=\"http:\/\/impacta.guimaraes.pt\/wp-content\/uploads\/2021\/06\/ANEXO-X-DECLARA\u00c7\u00c3O-DE-ACEITA\u00c7\u00c3O-DE-SUBS\u00cdDIO.doc\">Download<\/a><\/p>\n<p><a href=\"http:\/\/impacta.guimaraes.pt\/wp-content\/uploads\/2021\/06\/ANEXO-XI-RELAT\u00d3RIO-DE-EXECU\u00c7\u00c3O-DO-PROJETO.pdf\">ANEXO XI &#8211; RELAT\u00d3RIO DE EXECU\u00c7\u00c3O DO PROJETO <\/a>\u00a0| <a href=\"http:\/\/impacta.guimaraes.pt\/wp-content\/uploads\/2021\/06\/ANEXO-XI-RELAT\u00d3RIO-DE-EXECU\u00c7\u00c3O-DO-PROJETO.docx\">Download<\/a><\/p>\n<p><a href=\"http:\/\/impacta.guimaraes.pt\/wp-content\/uploads\/2021\/07\/Declara\u00e7\u00e3o-de-Compromisso.pdf\">Declara\u00e7\u00e3o de Compromisso <\/a>\u00a0| <a href=\"http:\/\/impacta.guimaraes.pt\/wp-content\/uploads\/2021\/07\/Declara\u00e7\u00e3o-de-Compromisso.docx\">Download<\/a><\/p>\n\n\n<p><\/p>\n","protected":false},"excerpt":{"rendered":"<p>A leitura destes documentos n\u00e3o dispensa a leitura integral do Regulamento do IMPACTA \u2013 Investimento Municipal [&hellip;]<\/p>\n","protected":false},"author":1,"featured_media":0,"parent":0,"menu_order":0,"comment_status":"closed","ping_status":"closed","template":"","meta":{"footnotes":""},"class_list":["post-82","page","type-page","status-publish","hentry"],"_links":{"self":[{"href":"https:\/\/impacta.guimaraes.pt\/index.php?rest_route=\/wp\/v2\/pages\/82","targetHints":{"allow":["GET"]}}],"collection":[{"href":"https:\/\/impacta.guimaraes.pt\/index.php?rest_route=\/wp\/v2\/pages"}],"about":[{"href":"https:\/\/impacta.guimaraes.pt\/index.php?rest_route=\/wp\/v2\/types\/page"}],"author":[{"embeddable":true,"href":"https:\/\/impacta.guimaraes.pt\/index.php?rest_route=\/wp\/v2\/users\/1"}],"replies":[{"embeddable":true,"href":"https:\/\/impacta.guimaraes.pt\/index.php?rest_route=%2Fwp%2Fv2%2Fcomments&post=82"}],"version-history":[{"count":22,"href":"https:\/\/impacta.guimaraes.pt\/index.php?rest_route=\/wp\/v2\/pages\/82\/revisions"}],"predecessor-version":[{"id":231,"href":"https:\/\/impacta.guimaraes.pt\/index.php?rest_route=\/wp\/v2\/pages\/82\/revisions\/231"}],"wp:attachment":[{"href":"https:\/\/impacta.guimaraes.pt\/index.php?rest_route=%2Fwp%2Fv2%2Fmedia&parent=82"}],"curies":[{"name":"wp","href":"https:\/\/api.w.org\/{rel}","templated":true}]}}